{"id":524,"date":"2025-12-24T10:31:24","date_gmt":"2025-12-24T10:31:24","guid":{"rendered":"https:\/\/alternativeinvest.pro\/support\/"},"modified":"2026-01-06T10:44:17","modified_gmt":"2026-01-06T10:44:17","slug":"support","status":"publish","type":"page","link":"https:\/\/alternativeinvest.pro\/pt\/support\/","title":{"rendered":"Suporte"},"content":{"rendered":"\t\t<div data-elementor-type=\"wp-page\" data-elementor-id=\"524\" class=\"elementor elementor-524\" data-elementor-settings=\"{&quot;element_pack_global_tooltip_width&quot;:{&quot;unit&quot;:&quot;px&quot;,&quot;size&quot;:&quot;&quot;,&quot;sizes&quot;:[]},&quot;element_pack_global_tooltip_width_tablet&quot;:{&quot;unit&quot;:&quot;px&quot;,&quot;size&quot;:&quot;&quot;,&quot;sizes&quot;:[]},&quot;element_pack_global_tooltip_width_mobile&quot;:{&quot;unit&quot;:&quot;px&quot;,&quot;size&quot;:&quot;&quot;,&quot;sizes&quot;:[]},&quot;element_pack_global_tooltip_padding&quot;:{&quot;unit&quot;:&quot;px&quot;,&quot;top&quot;:&quot;&quot;,&quot;right&quot;:&quot;&quot;,&quot;bottom&quot;:&quot;&quot;,&quot;left&quot;:&quot;&quot;,&quot;isLinked&quot;:true},&quot;element_pack_global_tooltip_padding_tablet&quot;:{&quot;unit&quot;:&quot;px&quot;,&quot;top&quot;:&quot;&quot;,&quot;right&quot;:&quot;&quot;,&quot;bottom&quot;:&quot;&quot;,&quot;left&quot;:&quot;&quot;,&quot;isLinked&quot;:true},&quot;element_pack_global_tooltip_padding_mobile&quot;:{&quot;unit&quot;:&quot;px&quot;,&quot;top&quot;:&quot;&quot;,&quot;right&quot;:&quot;&quot;,&quot;bottom&quot;:&quot;&quot;,&quot;left&quot;:&quot;&quot;,&quot;isLinked&quot;:true},&quot;element_pack_global_tooltip_border_radius&quot;:{&quot;unit&quot;:&quot;px&quot;,&quot;top&quot;:&quot;&quot;,&quot;right&quot;:&quot;&quot;,&quot;bottom&quot;:&quot;&quot;,&quot;left&quot;:&quot;&quot;,&quot;isLinked&quot;:true},&quot;element_pack_global_tooltip_border_radius_tablet&quot;:{&quot;unit&quot;:&quot;px&quot;,&quot;top&quot;:&quot;&quot;,&quot;right&quot;:&quot;&quot;,&quot;bottom&quot;:&quot;&quot;,&quot;left&quot;:&quot;&quot;,&quot;isLinked&quot;:true},&quot;element_pack_global_tooltip_border_radius_mobile&quot;:{&quot;unit&quot;:&quot;px&quot;,&quot;top&quot;:&quot;&quot;,&quot;right&quot;:&quot;&quot;,&quot;bottom&quot;:&quot;&quot;,&quot;left&quot;:&quot;&quot;,&quot;isLinked&quot;:true}}\" data-elementor-post-type=\"page\">\n\t\t\t\t<div class=\"elementor-element elementor-element-29ba395 e-flex e-con-boxed e-con e-parent\" data-id=\"29ba395\" data-element_type=\"container\">\n\t\t\t\t\t<div class=\"e-con-inner\">\n\t\t<div class=\"elementor-element elementor-element-04056a1 e-con-full e-flex e-con e-child\" data-id=\"04056a1\" data-element_type=\"container\">\n\t\t\t\t<div class=\"elementor-element elementor-element-9540617 elementor-widget__width-initial elementor-widget-mobile__width-inherit elementor-widget-tablet__width-initial elementor-invisible elementor-widget elementor-widget-heading\" data-id=\"9540617\" data-element_type=\"widget\" data-settings=\"{&quot;_animation&quot;:&quot;zoomOut&quot;,&quot;_animation_delay&quot;:&quot;180&quot;}\" data-widget_type=\"heading.default\">\n\t\t\t\t\t<h1 class=\"elementor-heading-title elementor-size-default\">Estamos aqui para ajudar voc\u00ea<\/h1>\t\t\t\t<\/div>\n\t\t\t\t<div class=\"elementor-element elementor-element-8053ba2 elementor-widget__width-initial elementor-widget-tablet__width-initial elementor-widget-mobile__width-inherit elementor-invisible elementor-widget elementor-widget-text-editor\" data-id=\"8053ba2\" data-element_type=\"widget\" data-settings=\"{&quot;_animation&quot;:&quot;zoomOut&quot;,&quot;_animation_delay&quot;:&quot;180&quot;}\" data-widget_type=\"text-editor.default\">\n\t\t\t\t\t\t\t\t\tNa Alternative Invest, temos o compromisso de fornecer suporte confi\u00e1vel e \u00e1gil em todas as etapas da sua jornada de trading. Seja para assist\u00eancia com sua conta, a plataforma ou d\u00favidas gerais, nossa equipe de suporte est\u00e1 pronta para ajudar.\n<br><br>\nNosso objetivo \u00e9 resolver problemas rapidamente e garantir uma experi\u00eancia de negocia\u00e7\u00e3o tranquila para todos os nossos clientes.\t\t\t\t\t\t\t\t<\/div>\n\t\t\t\t<\/div>\n\t\t<div class=\"elementor-element elementor-element-9cce051 e-con-full e-flex e-con e-child\" data-id=\"9cce051\" data-element_type=\"container\">\n\t\t\t\t<div class=\"elementor-element elementor-element-7ca64ac animated-slow elementor-invisible elementor-widget elementor-widget-image\" data-id=\"7ca64ac\" data-element_type=\"widget\" data-settings=\"{&quot;_animation&quot;:&quot;fadeInUp blur&quot;}\" data-widget_type=\"image.default\">\n\t\t\t\t\t\t\t\t\t\t\t\t\t\t\t<img fetchpriority=\"high\" decoding=\"async\" width=\"1000\" height=\"988\" src=\"https:\/\/alternativeinvest.pro\/wp-content\/uploads\/2025\/12\/Were-here-to-Help-you.webp\" class=\"attachment-large size-large wp-image-323\" alt=\"\" srcset=\"https:\/\/alternativeinvest.pro\/wp-content\/uploads\/2025\/12\/Were-here-to-Help-you.webp 1024w, https:\/\/alternativeinvest.pro\/wp-content\/uploads\/2025\/12\/Were-here-to-Help-you-300x296.webp 300w, https:\/\/alternativeinvest.pro\/wp-content\/uploads\/2025\/12\/Were-here-to-Help-you-768x759.webp 768w, https:\/\/alternativeinvest.pro\/wp-content\/uploads\/2025\/12\/Were-here-to-Help-you-650x642.webp 650w\" sizes=\"(max-width: 1000px) 100vw, 1000px\" \/>\t\t\t\t\t\t\t\t\t\t\t\t\t\t\t<\/div>\n\t\t\t\t<\/div>\n\t\t\t\t\t<\/div>\n\t\t\t\t<\/div>\n\t\t<div class=\"elementor-element elementor-element-f34b4ca e-flex e-con-boxed e-con e-parent\" data-id=\"f34b4ca\" data-element_type=\"container\">\n\t\t\t\t\t<div class=\"e-con-inner\">\n\t\t<div class=\"elementor-element elementor-element-2a7f2da e-con-full e-flex e-con e-child\" data-id=\"2a7f2da\" data-element_type=\"container\">\n\t\t\t\t<div class=\"elementor-element elementor-element-53461f1 elementor-widget__width-initial elementor-widget-mobile__width-inherit elementor-widget-tablet__width-initial elementor-invisible elementor-widget elementor-widget-heading\" data-id=\"53461f1\" data-element_type=\"widget\" data-settings=\"{&quot;_animation&quot;:&quot;zoomOut&quot;,&quot;_animation_delay&quot;:&quot;180&quot;}\" data-widget_type=\"heading.default\">\n\t\t\t\t\t<h2 class=\"elementor-heading-title elementor-size-default\">Entre em contato com a Alternative Invest<\/h2>\t\t\t\t<\/div>\n\t\t\t\t<div class=\"elementor-element elementor-element-fe1e9f0 elementor-widget__width-initial elementor-widget-tablet__width-initial elementor-widget-mobile__width-inherit elementor-invisible elementor-widget elementor-widget-text-editor\" data-id=\"fe1e9f0\" data-element_type=\"widget\" data-settings=\"{&quot;_animation&quot;:&quot;zoomOut&quot;,&quot;_animation_delay&quot;:&quot;180&quot;}\" data-widget_type=\"text-editor.default\">\n\t\t\t\t\t\t\t\t\tVoc\u00ea pode entrar em contato com nossa equipe de suporte usando as op\u00e7\u00f5es abaixo. Nos esfor\u00e7amos para responder o mais r\u00e1pido poss\u00edvel durante o hor\u00e1rio comercial.\t\t\t\t\t\t\t\t<\/div>\n\t\t\t\t<div class=\"elementor-element elementor-element-55b9318 ui-e-icon-left ui-e-left elementor-align-left elementor-widget elementor-widget-uicore-icon-list\" data-id=\"55b9318\" data-element_type=\"widget\" data-widget_type=\"uicore-icon-list.default\">\n\t\t\t\t\t        <ul>\n                            <li >\n\n                    <div class=\"ui-e-wrap\">\n                    \n                    \n                    <div class=\"ui-e-content\">\n                        <span class=\"ui-e-title\">\n                            support@alternativeinvest.pro                        <\/span>\n                        <p class=\"ui-e-text\">  <\/p>\n                    <\/div>\n\n                                            <div class=\"ui-e-icon\">\n                            <i aria-hidden=\"true\" class=\"ti ti-email\"><\/i>                        <\/div>\n                    \n                    <\/div>\n                <\/li>\n                    <\/ul>\n\t\t\t\t<\/div>\n\t\t\t\t<\/div>\n\t\t<div class=\"elementor-element elementor-element-e99fe48 e-con-full e-flex e-con e-child\" data-id=\"e99fe48\" data-element_type=\"container\">\n\t\t\t\t<div class=\"elementor-element elementor-element-8459733 ui-e-submit-align--center elementor-widget elementor-widget-uicore-contact-form\" data-id=\"8459733\" data-element_type=\"widget\" data-widget_type=\"uicore-contact-form.default\">\n\t\t\t\t\t\n        <form class=\"ui-e-form\" method=\"post\" name=\"New Form\">\n\n            <input type=\"hidden\" name=\"post_id\" value=\"524\" \/>\n            <input type=\"hidden\" name=\"widget_type\" value=\"contact-form\">\n\n            <input type=\"hidden\" name=\"required_fields_message\" value=\"Fill all required fields.\">\n\n            <div class=\"ui-e-fields-wrp\">\n\n                \n                    <div class=\"ui-e-field-type-text ui-e-field-group elementor-column ui-e-field-group-name elementor-col-100\">\n                                                    <label for=\"form-field-name\" class=\"ui-e-label\">\n                                Nome Completo                            <\/label>\n                                                            <input size=\"1\" type=\"text\" name=\"form_fields[name]\" id=\"form-field-name\" class=\"ui-e-field  ui-e-field-textual\" placeholder=\"Seu Nome Completo\">\n                                            <\/div>\n\n                \n                    <div class=\"ui-e-field-type-email ui-e-field-group elementor-column ui-e-field-group-email elementor-col-100 \">\n                                                    <label for=\"form-field-email\" class=\"ui-e-label\">\n                                Endere\u00e7o de E-mail                            <\/label>\n                                                            <input size=\"1\" type=\"email\" name=\"form_fields[email]\" id=\"form-field-email\" class=\"ui-e-field  ui-e-field-textual\" placeholder=\"example@email.com\" required=\"required\" aria-required=\"true\">\n                                            <\/div>\n\n                \n                    <div class=\"ui-e-field-type-tel ui-e-field-group elementor-column ui-e-field-group-field_238ce43 elementor-col-100 \">\n                                                    <label for=\"form-field-field_238ce43\" class=\"ui-e-label\">\n                                N\u00famero de Telefone                            <\/label>\n                                                            <input size=\"1\" type=\"tel\" name=\"form_fields[field_238ce43]\" id=\"form-field-field_238ce43\" class=\"ui-e-field  ui-e-field-textual\" placeholder=\"+011 222 33 44\" required=\"required\" aria-required=\"true\">\n                                            <\/div>\n\n                \n                    <div class=\"ui-e-field-type-textarea ui-e-field-group elementor-column ui-e-field-group-message elementor-col-100\">\n                                                    <label for=\"form-field-message\" class=\"ui-e-label\">\n                                Mensagem                            <\/label>\n                            <textarea class=\"ui-e-field \" name=\"form_fields[message]\" id=\"form-field-message\" rows=\"4\" placeholder=\"Mensagem\"><\/textarea>                    <\/div>\n\n                \n                <div class=\"ui-e-field-group elementor-column ui-e-field-type-submit elementor-col-100 e-form__buttons\">\n                    <button type=\"submit\" class=\"elementor-button\">\n                        <span >\n                                                            <span class=\"\">\n                                                                                                        <\/span>\n                                                                                        <span class=\"ui-e-text\">Enviar<\/span>\n                                                    <\/span>\n                    <\/button>\n                <\/div>\n\n            <\/div>\n\n            <div class=\"ui-e-message \">\n                            <\/div>\n        <\/form>\n                <script>\n            window.ui_e_form_validation_messages = {\"required_fields\":\"Fill all required fields.\"};\n        <\/script>\n\t\t\t\t<\/div>\n\t\t\t\t<\/div>\n\t\t\t\t\t<\/div>\n\t\t\t\t<\/div>\n\t\t<div class=\"elementor-element elementor-element-1d4ab2e e-con-full e-flex e-con e-parent\" data-id=\"1d4ab2e\" data-element_type=\"container\">\n\t\t\t\t<div class=\"elementor-element elementor-element-06592e3 elementor-widget__width-inherit elementor-widget-mobile__width-inherit elementor-widget-tablet__width-initial elementor-invisible elementor-widget elementor-widget-heading\" data-id=\"06592e3\" data-element_type=\"widget\" data-settings=\"{&quot;_animation&quot;:&quot;zoomOut&quot;,&quot;_animation_delay&quot;:&quot;180&quot;}\" data-widget_type=\"heading.default\">\n\t\t\t\t\t<h2 class=\"elementor-heading-title elementor-size-default\">Perguntas frequentes<\/h2>\t\t\t\t<\/div>\n\t\t\t\t<div class=\"elementor-element elementor-element-f347637 elementor-widget__width-inherit ui-e-animation-acc-basic ui-e-animation-ico-fade elementor-widget elementor-widget-uicore-accordion\" data-id=\"f347637\" data-element_type=\"widget\" data-settings=\"{&quot;collapsible&quot;:&quot;true&quot;,&quot;active_hash&quot;:&quot;no&quot;,&quot;accordion_animation&quot;:&quot;ui-e-animation-acc-basic&quot;}\" data-widget_type=\"uicore-accordion.default\">\n\t\t\t\t<div class=\"elementor-widget-container\">\n\t\t\t\t\t        <div class=\"ui-e-accordion\" >\n\n                            <div class=\"ui-e-accordion-item ui-e-item ui-open\" role=\"button\" tabindex=\"0\" aria-expanded=\"true\" aria-controls=\"ui-e-acc-1\" id=\"ui-e-quanto-tempo-leva-para-receber-uma-resposta-do-suporte\">\n\n                    <h5 class=\"ui-e-accordion-title ui-e-title ui-right\">\n\n                                                    <span class=\"ui-e-accordion-icon ui-e-icon ui-e-right\" aria-hidden=\"true\">\n\n                                <span class=\"ui-e-accordion-icon-closed\">\n                                    <i aria-hidden=\"true\" class=\"ti ti-plus\"><\/i>                                <\/span>\n\n                                                                    <span class=\"ui-e-accordion-icon-opened\">\n                                        <i aria-hidden=\"true\" class=\"ti ti-minus\"><\/i>                                    <\/span>\n                                \n                            <\/span>\n                        \n                                                <span class=\"ui-e-accordion-title-text ui-e-title-text\" >\n                                                        Quanto tempo leva para receber uma resposta do suporte?                        <\/span>\n\n                    <\/h5>\n\n                    <div class=\"ui-e-accordion-content ui-e-content\" style=\"\" aria-labelledby=\"ui-e-quanto-tempo-leva-para-receber-uma-resposta-do-suporte\" id=\"ui-e-acc-1\">\n                        A maioria das solicita\u00e7\u00f5es \u00e9 respondida dentro de um dia \u00fatil. Os tempos de resposta podem variar de acordo com o tipo de solicita\u00e7\u00e3o.                    <\/div>\n\n                <\/div>\n                            <div class=\"ui-e-accordion-item ui-e-item\" role=\"button\" tabindex=\"0\" aria-expanded=\"false\" aria-controls=\"ui-e-acc-2\" id=\"ui-e-sobre-quais-assuntos-posso-entrar-em-contato-com-o-suporte\">\n\n                    <h5 class=\"ui-e-accordion-title ui-e-title ui-right\">\n\n                                                    <span class=\"ui-e-accordion-icon ui-e-icon ui-e-right\" aria-hidden=\"true\">\n\n                                <span class=\"ui-e-accordion-icon-closed\">\n                                    <i aria-hidden=\"true\" class=\"ti ti-plus\"><\/i>                                <\/span>\n\n                                                                    <span class=\"ui-e-accordion-icon-opened\">\n                                        <i aria-hidden=\"true\" class=\"ti ti-minus\"><\/i>                                    <\/span>\n                                \n                            <\/span>\n                        \n                                                <span class=\"ui-e-accordion-title-text ui-e-title-text\" >\n                                                        Sobre quais assuntos posso entrar em contato com o suporte?                        <\/span>\n\n                    <\/h5>\n\n                    <div class=\"ui-e-accordion-content ui-e-content\" style=\"display:none;\" aria-labelledby=\"ui-e-sobre-quais-assuntos-posso-entrar-em-contato-com-o-suporte\" id=\"ui-e-acc-2\">\n                        Voc\u00ea pode nos contatar sobre configura\u00e7\u00e3o de conta, verifica\u00e7\u00e3o, dep\u00f3sitos e saques, acesso \u00e0 plataforma e d\u00favidas gerais.                    <\/div>\n\n                <\/div>\n                            <div class=\"ui-e-accordion-item ui-e-item\" role=\"button\" tabindex=\"0\" aria-expanded=\"false\" aria-controls=\"ui-e-acc-3\" id=\"ui-e-o-suporte-esta-disponivel-24-7\">\n\n                    <h5 class=\"ui-e-accordion-title ui-e-title ui-right\">\n\n                                                    <span class=\"ui-e-accordion-icon ui-e-icon ui-e-right\" aria-hidden=\"true\">\n\n                                <span class=\"ui-e-accordion-icon-closed\">\n                                    <i aria-hidden=\"true\" class=\"ti ti-plus\"><\/i>                                <\/span>\n\n                                                                    <span class=\"ui-e-accordion-icon-opened\">\n                                        <i aria-hidden=\"true\" class=\"ti ti-minus\"><\/i>                                    <\/span>\n                                \n                            <\/span>\n                        \n                                                <span class=\"ui-e-accordion-title-text ui-e-title-text\" >\n                                                        O suporte est\u00e1 dispon\u00edvel 24\/7?                        <\/span>\n\n                    <\/h5>\n\n                    <div class=\"ui-e-accordion-content ui-e-content\" style=\"display:none;\" aria-labelledby=\"ui-e-o-suporte-esta-disponivel-24-7\" id=\"ui-e-acc-3\">\n                        O suporte est\u00e1 dispon\u00edvel durante o hor\u00e1rio do mercado, 24\/5. Alguns servi\u00e7os podem ser limitados nos fins de semana.                    <\/div>\n\n                <\/div>\n                            <div class=\"ui-e-accordion-item ui-e-item\" role=\"button\" tabindex=\"0\" aria-expanded=\"false\" aria-controls=\"ui-e-acc-4\" id=\"ui-e-posso-obter-ajuda-com-a-plataforma-de-trading\">\n\n                    <h5 class=\"ui-e-accordion-title ui-e-title ui-right\">\n\n                                                    <span class=\"ui-e-accordion-icon ui-e-icon ui-e-right\" aria-hidden=\"true\">\n\n                                <span class=\"ui-e-accordion-icon-closed\">\n                                    <i aria-hidden=\"true\" class=\"ti ti-plus\"><\/i>                                <\/span>\n\n                                                                    <span class=\"ui-e-accordion-icon-opened\">\n                                        <i aria-hidden=\"true\" class=\"ti ti-minus\"><\/i>                                    <\/span>\n                                \n                            <\/span>\n                        \n                                                <span class=\"ui-e-accordion-title-text ui-e-title-text\" >\n                                                        Posso obter ajuda com a plataforma de trading?                        <\/span>\n\n                    <\/h5>\n\n                    <div class=\"ui-e-accordion-content ui-e-content\" style=\"display:none;\" aria-labelledby=\"ui-e-posso-obter-ajuda-com-a-plataforma-de-trading\" id=\"ui-e-acc-4\">\n                        Sim. Nossa equipe de suporte pode auxiliar na configura\u00e7\u00e3o da plataforma, uso b\u00e1sico e quest\u00f5es t\u00e9cnicas.                    <\/div>\n\n                <\/div>\n                            <div class=\"ui-e-accordion-item ui-e-item\" role=\"button\" tabindex=\"0\" aria-expanded=\"false\" aria-controls=\"ui-e-acc-5\" id=\"ui-e-como-posso-atualizar-minhas-informacoes-pessoais-ou-da-conta\">\n\n                    <h5 class=\"ui-e-accordion-title ui-e-title ui-right\">\n\n                                                    <span class=\"ui-e-accordion-icon ui-e-icon ui-e-right\" aria-hidden=\"true\">\n\n                                <span class=\"ui-e-accordion-icon-closed\">\n                                    <i aria-hidden=\"true\" class=\"ti ti-plus\"><\/i>                                <\/span>\n\n                                                                    <span class=\"ui-e-accordion-icon-opened\">\n                                        <i aria-hidden=\"true\" class=\"ti ti-minus\"><\/i>                                    <\/span>\n                                \n                            <\/span>\n                        \n                                                <span class=\"ui-e-accordion-title-text ui-e-title-text\" >\n                                                        Como posso atualizar minhas informa\u00e7\u00f5es pessoais ou da conta?                        <\/span>\n\n                    <\/h5>\n\n                    <div class=\"ui-e-accordion-content ui-e-content\" style=\"display:none;\" aria-labelledby=\"ui-e-como-posso-atualizar-minhas-informacoes-pessoais-ou-da-conta\" id=\"ui-e-acc-5\">\n                        Por motivos de seguran\u00e7a, altera\u00e7\u00f5es relacionadas \u00e0 conta devem ser solicitadas por meio dos canais oficiais de suporte.                    <\/div>\n\n                <\/div>\n                    <\/div>\n\t\t\t\t<\/div>\n\t\t\t\t<\/div>\n\t\t\t\t<\/div>\n\t\t\t\t<\/div>\n\t\t","protected":false},"excerpt":{"rendered":"<p>Estamos aqui para ajudar voc\u00ea Na Alternative Invest, temos o compromisso de fornecer suporte confi\u00e1vel e \u00e1gil em todas as etapas da [&hellip;]<\/p>\n","protected":false},"author":2,"featured_media":0,"parent":0,"menu_order":0,"comment_status":"closed","ping_status":"closed","template":"","meta":{"footnotes":""},"class_list":["post-524","page","type-page","status-publish","hentry"],"_links":{"self":[{"href":"https:\/\/alternativeinvest.pro\/pt\/wp-json\/wp\/v2\/pages\/524","targetHints":{"allow":["GET"]}}],"collection":[{"href":"https:\/\/alternativeinvest.pro\/pt\/wp-json\/wp\/v2\/pages"}],"about":[{"href":"https:\/\/alternativeinvest.pro\/pt\/wp-json\/wp\/v2\/types\/page"}],"author":[{"embeddable":true,"href":"https:\/\/alternativeinvest.pro\/pt\/wp-json\/wp\/v2\/users\/2"}],"replies":[{"embeddable":true,"href":"https:\/\/alternativeinvest.pro\/pt\/wp-json\/wp\/v2\/comments?post=524"}],"version-history":[{"count":4,"href":"https:\/\/alternativeinvest.pro\/pt\/wp-json\/wp\/v2\/pages\/524\/revisions"}],"predecessor-version":[{"id":730,"href":"https:\/\/alternativeinvest.pro\/pt\/wp-json\/wp\/v2\/pages\/524\/revisions\/730"}],"wp:attachment":[{"href":"https:\/\/alternativeinvest.pro\/pt\/wp-json\/wp\/v2\/media?parent=524"}],"curies":[{"name":"wp","href":"https:\/\/api.w.org\/{rel}","templated":true}]}}